{"id":461,"date":"2024-10-12T15:28:26","date_gmt":"2024-10-12T15:28:26","guid":{"rendered":"https:\/\/rock-meets-agape.de\/?page_id=461"},"modified":"2024-10-12T15:32:46","modified_gmt":"2024-10-12T15:32:46","slug":"foerderverein","status":"publish","type":"page","link":"https:\/\/rock-meets-agape.de\/index.php\/foerderverein\/","title":{"rendered":"F\u00f6rderverein"},"content":{"rendered":"<div id=\"mega-menu-wrap-max_mega_menu_1\" class=\"mega-menu-wrap\"><div class=\"mega-menu-toggle\"><div class=\"mega-toggle-blocks-left\"><\/div><div class=\"mega-toggle-blocks-center\"><\/div><div class=\"mega-toggle-blocks-right\"><div class='mega-toggle-block mega-menu-toggle-animated-block mega-toggle-block-0' id='mega-toggle-block-0'><button aria-label=\"Toggle Menu\" class=\"mega-toggle-animated mega-toggle-animated-slider\" type=\"button\" aria-expanded=\"false\">\n                  <span class=\"mega-toggle-animated-box\">\n                    <span class=\"mega-toggle-animated-inner\"><\/span>\n                  <\/span>\n                <\/button><\/div><\/div><\/div><ul id=\"mega-menu-max_mega_menu_1\" class=\"mega-menu max-mega-menu mega-menu-horizontal mega-no-js\" data-event=\"hover_intent\" data-effect=\"fade_up\" data-effect-speed=\"200\" data-effect-mobile=\"disabled\" data-effect-speed-mobile=\"0\" data-mobile-force-width=\"false\" data-second-click=\"go\" data-document-click=\"collapse\" data-vertical-behaviour=\"standard\" data-breakpoint=\"768\" data-unbind=\"true\" data-mobile-state=\"collapse_all\" data-mobile-direction=\"vertical\" data-hover-intent-timeout=\"300\" data-hover-intent-interval=\"100\"><li class=\"mega-menu-item mega-menu-item-type-custom mega-menu-item-object-custom mega-menu-item-home mega-align-bottom-left mega-menu-flyout mega-menu-item-444\" id=\"mega-menu-item-444\"><a class=\"mega-menu-link\" href=\"https:\/\/rock-meets-agape.de\/\" tabindex=\"0\">Home<\/a><\/li><li class=\"mega-menu-item mega-menu-item-type-post_type mega-menu-item-object-page mega-align-bottom-left mega-menu-flyout mega-menu-item-449\" id=\"mega-menu-item-449\"><a class=\"mega-menu-link\" href=\"https:\/\/rock-meets-agape.de\/index.php\/line-up\/\" tabindex=\"0\">Line Up<\/a><\/li><li class=\"mega-menu-item mega-menu-item-type-post_type mega-menu-item-object-page mega-align-bottom-left mega-menu-flyout mega-menu-item-451\" id=\"mega-menu-item-451\"><a class=\"mega-menu-link\" href=\"https:\/\/rock-meets-agape.de\/index.php\/unsere-sponsoren\/\" tabindex=\"0\">Sponsoren<\/a><\/li><li class=\"mega-menu-item mega-menu-item-type-post_type mega-menu-item-object-page mega-align-bottom-left mega-menu-flyout mega-menu-item-446\" id=\"mega-menu-item-446\"><a class=\"mega-menu-link\" href=\"https:\/\/rock-meets-agape.de\/index.php\/die-story\/\" tabindex=\"0\">Die Story<\/a><\/li><li class=\"mega-menu-item mega-menu-item-type-post_type mega-menu-item-object-page mega-menu-item-has-children mega-align-bottom-left mega-menu-flyout mega-menu-item-512\" id=\"mega-menu-item-512\"><a class=\"mega-menu-link\" href=\"https:\/\/rock-meets-agape.de\/index.php\/archiv-gallery\/\" aria-expanded=\"false\" tabindex=\"0\">Archiv \/ Gallery<span class=\"mega-indicator\" aria-hidden=\"true\"><\/span><\/a>\n<ul class=\"mega-sub-menu\">\n<li class=\"mega-menu-item mega-menu-item-type-post_type mega-menu-item-object-page mega-menu-item-686\" id=\"mega-menu-item-686\"><a class=\"mega-menu-link\" href=\"https:\/\/rock-meets-agape.de\/index.php\/rock-meets-agape-2025\/\">Rock-meets-Agape 2025<\/a><\/li><li class=\"mega-menu-item mega-menu-item-type-post_type mega-menu-item-object-page mega-menu-item-517\" id=\"mega-menu-item-517\"><a class=\"mega-menu-link\" href=\"https:\/\/rock-meets-agape.de\/index.php\/rock-meets-agape-2024\/\">Rock-meets-Agape 2024<\/a><\/li><li class=\"mega-menu-item mega-menu-item-type-post_type mega-menu-item-object-page mega-menu-item-450\" id=\"mega-menu-item-450\"><a class=\"mega-menu-link\" href=\"https:\/\/rock-meets-agape.de\/index.php\/rma-2023\/\">Rock-meets-Agape 2023<\/a><\/li><\/ul>\n<\/li><li class=\"mega-menu-item mega-menu-item-type-post_type mega-menu-item-object-page mega-align-bottom-left mega-menu-flyout mega-menu-item-462\" id=\"mega-menu-item-462\"><a class=\"mega-menu-link\" href=\"https:\/\/rock-meets-agape.de\/index.php\/foerderverein\/\" tabindex=\"0\">F\u00f6rderverein<\/a><\/li><li class=\"mega-menu-item mega-menu-item-type-post_type mega-menu-item-object-page mega-align-bottom-left mega-menu-flyout mega-menu-item-448\" id=\"mega-menu-item-448\"><a class=\"mega-menu-link\" href=\"https:\/\/rock-meets-agape.de\/index.php\/impressum-kontakt\/\" tabindex=\"0\">Impressum \/ Kontakt<\/a><\/li><\/ul><\/div>\n\n\n<p>Unterst\u00fctzung und F\u00f6rderung der laufenden Hospizarbeit<\/p>\n\n\n\n<p>Der am 23. April 2007 gegr\u00fcndete F\u00f6rderverein Hospiz Agape e.V. unterst\u00fctzt und f\u00f6rdert die laufende Hospizarbeit in Wiesloch und Umgebung.<br>Dies umfasst Ma\u00dfnahmen zur Verbreitung der Hospizidee und direkte Betreuung der G\u00e4ste. Zur Umsetzung dieser Ziele ist der Verein auf Spenden&nbsp;und Mitgliederbeitr\u00e4ge angewiesen und organisiert Veranstaltungen zur Finanzierung der wichtigen Einrichtung.<\/p>\n\n\n\n<h3 class=\"wp-block-heading\">Unsere Spendenkonten:<\/h3>\n\n\n\n<p>F\u00f6rderverein Hospiz Agape e.V.<br>Volksbank Kraichgau eG<br>BLZ 672 922 00<br>Konto 31 166 004<br>IBAN DE79 6729 2200 0031 1660 04<br>BIC GENODE61WIE<\/p>\n\n\n\n<p>F\u00f6rderverein Hospiz Agape e.V.<br>Sparkasse Heidelberg<br>BLZ 672 500 20<br>Konto 100 138 19 00<br>IBAN DE45 6725 0020 1001 3819 00<br>BIC SOLADES1HDB<\/p>\n","protected":false},"excerpt":{"rendered":"<p>Unterst\u00fctzung und F\u00f6rderung der laufenden Hospizarbeit Der am 23. April 2007 gegr\u00fcndete F\u00f6rderverein Hospiz Agape e.V. unterst\u00fctzt und f\u00f6rdert die laufende Hospizarbeit in Wiesloch und Umgebung.Dies umfasst Ma\u00dfnahmen zur Verbreitung der Hospizidee und direkte Betreuung der G\u00e4ste. Zur Umsetzung dieser Ziele ist der Verein auf Spenden&nbsp;und Mitgliederbeitr\u00e4ge angewiesen und organisiert Veranstaltungen zur Finanzierung der wichtigen [&hellip;]<\/p>\n","protected":false},"author":1,"featured_media":0,"parent":0,"menu_order":0,"comment_status":"closed","ping_status":"closed","template":"","meta":{"footnotes":""},"class_list":["post-461","page","type-page","status-publish","hentry"],"yoast_head":"<!-- This site is optimized with the Yoast SEO plugin v26.0 - https:\/\/yoast.com\/wordpress\/plugins\/seo\/ -->\n<title>F\u00f6rderverein - Rock-meets-Agape<\/title>\n<meta name=\"robots\" content=\"noindex, follow, max-snippet:-1, max-image-preview:large, max-video-preview:-1\" \/>\n<meta property=\"og:locale\" content=\"de_DE\" \/>\n<meta property=\"og:type\" content=\"article\" \/>\n<meta property=\"og:title\" content=\"F\u00f6rderverein - Rock-meets-Agape\" \/>\n<meta property=\"og:description\" content=\"Unterst\u00fctzung und F\u00f6rderung der laufenden Hospizarbeit Der am 23. April 2007 gegr\u00fcndete F\u00f6rderverein Hospiz Agape e.V. unterst\u00fctzt und f\u00f6rdert die laufende Hospizarbeit in Wiesloch und Umgebung.Dies umfasst Ma\u00dfnahmen zur Verbreitung der Hospizidee und direkte Betreuung der G\u00e4ste. Zur Umsetzung dieser Ziele ist der Verein auf Spenden&nbsp;und Mitgliederbeitr\u00e4ge angewiesen und organisiert Veranstaltungen zur Finanzierung der wichtigen [&hellip;]\" \/>\n<meta property=\"og:url\" content=\"https:\/\/rock-meets-agape.de\/index.php\/foerderverein\/\" \/>\n<meta property=\"og:site_name\" content=\"Rock-meets-Agape\" \/>\n<meta property=\"article:modified_time\" content=\"2024-10-12T15:32:46+00:00\" \/>\n<meta name=\"twitter:card\" content=\"summary_large_image\" \/>\n<meta name=\"twitter:label1\" content=\"Gesch\u00e4tzte Lesezeit\" \/>\n\t<meta name=\"twitter:data1\" content=\"1\u00a0Minute\" \/>\n<script type=\"application\/ld+json\" class=\"yoast-schema-graph\">{\"@context\":\"https:\/\/schema.org\",\"@graph\":[{\"@type\":\"WebPage\",\"@id\":\"https:\/\/rock-meets-agape.de\/index.php\/foerderverein\/\",\"url\":\"https:\/\/rock-meets-agape.de\/index.php\/foerderverein\/\",\"name\":\"F\u00f6rderverein - Rock-meets-Agape\",\"isPartOf\":{\"@id\":\"https:\/\/rock-meets-agape.de\/#website\"},\"datePublished\":\"2024-10-12T15:28:26+00:00\",\"dateModified\":\"2024-10-12T15:32:46+00:00\",\"breadcrumb\":{\"@id\":\"https:\/\/rock-meets-agape.de\/index.php\/foerderverein\/#breadcrumb\"},\"inLanguage\":\"de\",\"potentialAction\":[{\"@type\":\"ReadAction\",\"target\":[\"https:\/\/rock-meets-agape.de\/index.php\/foerderverein\/\"]}]},{\"@type\":\"BreadcrumbList\",\"@id\":\"https:\/\/rock-meets-agape.de\/index.php\/foerderverein\/#breadcrumb\",\"itemListElement\":[{\"@type\":\"ListItem\",\"position\":1,\"name\":\"Startseite\",\"item\":\"https:\/\/rock-meets-agape.de\/\"},{\"@type\":\"ListItem\",\"position\":2,\"name\":\"F\u00f6rderverein\"}]},{\"@type\":\"WebSite\",\"@id\":\"https:\/\/rock-meets-agape.de\/#website\",\"url\":\"https:\/\/rock-meets-agape.de\/\",\"name\":\"Rock-meets-Agape\",\"description\":\"Ein Benefizkonzert aus tiefstem Herzen\",\"potentialAction\":[{\"@type\":\"SearchAction\",\"target\":{\"@type\":\"EntryPoint\",\"urlTemplate\":\"https:\/\/rock-meets-agape.de\/?s={search_term_string}\"},\"query-input\":{\"@type\":\"PropertyValueSpecification\",\"valueRequired\":true,\"valueName\":\"search_term_string\"}}],\"inLanguage\":\"de\"}]}<\/script>\n<!-- \/ Yoast SEO plugin. -->","yoast_head_json":{"title":"F\u00f6rderverein - Rock-meets-Agape","robots":{"index":"noindex","follow":"follow","max-snippet":"max-snippet:-1","max-image-preview":"max-image-preview:large","max-video-preview":"max-video-preview:-1"},"og_locale":"de_DE","og_type":"article","og_title":"F\u00f6rderverein - Rock-meets-Agape","og_description":"Unterst\u00fctzung und F\u00f6rderung der laufenden Hospizarbeit Der am 23. April 2007 gegr\u00fcndete F\u00f6rderverein Hospiz Agape e.V. unterst\u00fctzt und f\u00f6rdert die laufende Hospizarbeit in Wiesloch und Umgebung.Dies umfasst Ma\u00dfnahmen zur Verbreitung der Hospizidee und direkte Betreuung der G\u00e4ste. Zur Umsetzung dieser Ziele ist der Verein auf Spenden&nbsp;und Mitgliederbeitr\u00e4ge angewiesen und organisiert Veranstaltungen zur Finanzierung der wichtigen [&hellip;]","og_url":"https:\/\/rock-meets-agape.de\/index.php\/foerderverein\/","og_site_name":"Rock-meets-Agape","article_modified_time":"2024-10-12T15:32:46+00:00","twitter_card":"summary_large_image","twitter_misc":{"Gesch\u00e4tzte Lesezeit":"1\u00a0Minute"},"schema":{"@context":"https:\/\/schema.org","@graph":[{"@type":"WebPage","@id":"https:\/\/rock-meets-agape.de\/index.php\/foerderverein\/","url":"https:\/\/rock-meets-agape.de\/index.php\/foerderverein\/","name":"F\u00f6rderverein - Rock-meets-Agape","isPartOf":{"@id":"https:\/\/rock-meets-agape.de\/#website"},"datePublished":"2024-10-12T15:28:26+00:00","dateModified":"2024-10-12T15:32:46+00:00","breadcrumb":{"@id":"https:\/\/rock-meets-agape.de\/index.php\/foerderverein\/#breadcrumb"},"inLanguage":"de","potentialAction":[{"@type":"ReadAction","target":["https:\/\/rock-meets-agape.de\/index.php\/foerderverein\/"]}]},{"@type":"BreadcrumbList","@id":"https:\/\/rock-meets-agape.de\/index.php\/foerderverein\/#breadcrumb","itemListElement":[{"@type":"ListItem","position":1,"name":"Startseite","item":"https:\/\/rock-meets-agape.de\/"},{"@type":"ListItem","position":2,"name":"F\u00f6rderverein"}]},{"@type":"WebSite","@id":"https:\/\/rock-meets-agape.de\/#website","url":"https:\/\/rock-meets-agape.de\/","name":"Rock-meets-Agape","description":"Ein Benefizkonzert aus tiefstem Herzen","potentialAction":[{"@type":"SearchAction","target":{"@type":"EntryPoint","urlTemplate":"https:\/\/rock-meets-agape.de\/?s={search_term_string}"},"query-input":{"@type":"PropertyValueSpecification","valueRequired":true,"valueName":"search_term_string"}}],"inLanguage":"de"}]}},"_links":{"self":[{"href":"https:\/\/rock-meets-agape.de\/index.php\/wp-json\/wp\/v2\/pages\/461","targetHints":{"allow":["GET"]}}],"collection":[{"href":"https:\/\/rock-meets-agape.de\/index.php\/wp-json\/wp\/v2\/pages"}],"about":[{"href":"https:\/\/rock-meets-agape.de\/index.php\/wp-json\/wp\/v2\/types\/page"}],"author":[{"embeddable":true,"href":"https:\/\/rock-meets-agape.de\/index.php\/wp-json\/wp\/v2\/users\/1"}],"replies":[{"embeddable":true,"href":"https:\/\/rock-meets-agape.de\/index.php\/wp-json\/wp\/v2\/comments?post=461"}],"version-history":[{"count":2,"href":"https:\/\/rock-meets-agape.de\/index.php\/wp-json\/wp\/v2\/pages\/461\/revisions"}],"predecessor-version":[{"id":467,"href":"https:\/\/rock-meets-agape.de\/index.php\/wp-json\/wp\/v2\/pages\/461\/revisions\/467"}],"wp:attachment":[{"href":"https:\/\/rock-meets-agape.de\/index.php\/wp-json\/wp\/v2\/media?parent=461"}],"curies":[{"name":"wp","href":"https:\/\/api.w.org\/{rel}","templated":true}]}}